{"id":86,"date":"2017-05-16T14:37:10","date_gmt":"2017-05-16T14:37:10","guid":{"rendered":"http:\/\/oplaesning.samfundslitteratur.dk\/?page_id=86"},"modified":"2017-08-16T09:46:53","modified_gmt":"2017-08-16T09:46:53","slug":"kurser-og","status":"publish","type":"page","link":"https:\/\/oplaesning.samfundslitteratur.dk\/?page_id=86","title":{"rendered":"Kurser og undervisning"},"content":{"rendered":"<p>Er du blevet nysgerrig? Vil du og dine kolleger arbejde mere konkret med opl\u00e6sning eller speak? S\u00e5 tilrettel\u00e6gger vi gerne kurser, workshops eller foredrag til jer. Vi kommer ogs\u00e5 gerne ud og fort\u00e6ller om bogen, arbejdet med bogen eller om konkrete typer af opl\u00e6sning.<\/p>\n<p>Vi indretter alle kurser efter jeres behov og \u00f8nsker. Lad os tage en snak om, hvad I vil have ud af undervisningen, s\u00e5 vi i f\u00e6llesskab f\u00e5r designet det rigtige kursus for jer. <a href=\"http:\/\/oplaesning.samfundslitteratur.dk\/?page_id=234\">Send os et par ord, en mailadresse eller et telefonnummer<\/a>. S\u00e5 kontakter vi jer og og giver et bud p\u00e5 indhold og pris.<\/p>\n<p>Der er masser af muligheder for at sammens\u00e6tte et opl\u00e6g, et heldagskursus eller et l\u00e6ngere forl\u00f8b om opl\u00e6sning. I grove tr\u00e6k kunne det v\u00e6re:<\/p>\n<p>&nbsp;<\/p>\n<p><strong>Workshop med fokus p\u00e5 den praktiske del af opl\u00e6sningen<\/strong><\/p>\n<ul>\n<li>Opvarmning af stemme og krop<\/li>\n<li>\u00d8velser med elementer fra \u201cDen mundtlige mikserpult\u201d<\/li>\n<li>Opl\u00e6sningstr\u00e6ning og feedback<\/li>\n<\/ul>\n<p>&nbsp;<\/p>\n<p><strong>Kursus om opl\u00e6sning med blanding af teori og praksis<\/strong><\/p>\n<ul>\n<li>Fra analyse til opl\u00e6sning<\/li>\n<li>G\u00f8r teksten tydelig med fonetikken i baglommen<\/li>\n<li>Arbejde med opl\u00e6sning af forskellige typer tekst<\/li>\n<\/ul>\n<p>&nbsp;<\/p>\n<p><strong>Opl\u00e6g om samarbejde i skriveprocesser<\/strong><\/p>\n<ul>\n<li>Et let og sjovt skrivearbejde \u2013 er det muligt?<\/li>\n<li>Flere hjerner \u2013 mere kreativitet<\/li>\n<li>Inspiration til en ny arbejdsform<\/li>\n<\/ul>\n<p><img loading=\"lazy\" decoding=\"async\" class=\"alignnone wp-image-428 size-large\" src=\"http:\/\/oplaesning.samfundslitteratur.dk\/wp-content\/uploads\/2017\/08\/fra\u00f8jetil\u00f8re2-1024x682.jpg\" alt=\"\" width=\"750\" height=\"500\" srcset=\"https:\/\/oplaesning.samfundslitteratur.dk\/wp-content\/uploads\/2017\/08\/fra\u00f8jetil\u00f8re2-1024x682.jpg 1024w, https:\/\/oplaesning.samfundslitteratur.dk\/wp-content\/uploads\/2017\/08\/fra\u00f8jetil\u00f8re2-300x200.jpg 300w, https:\/\/oplaesning.samfundslitteratur.dk\/wp-content\/uploads\/2017\/08\/fra\u00f8jetil\u00f8re2-768x511.jpg 768w, https:\/\/oplaesning.samfundslitteratur.dk\/wp-content\/uploads\/2017\/08\/fra\u00f8jetil\u00f8re2-360x240.jpg 360w\" sizes=\"auto, (max-width: 750px) 100vw, 750px\" \/><\/p>\n","protected":false},"excerpt":{"rendered":"<p>Er du blevet nysgerrig? Vil du og dine kolleger arbejde mere konkret med opl\u00e6sning eller speak? S\u00e5 tilrettel\u00e6gger vi gerne kurser, workshops eller foredrag til jer. Vi kommer ogs\u00e5 gerne ud og fort\u00e6ller om bogen, arbejdet med bogen eller om konkrete typer af opl\u00e6sning. Vi indretter alle kurser efter jeres [&hellip;]<\/p>\n","protected":false},"author":1,"featured_media":0,"parent":0,"menu_order":0,"comment_status":"closed","ping_status":"closed","template":"","meta":{"footnotes":""},"class_list":["post-86","page","type-page","status-publish","hentry"],"_links":{"self":[{"href":"https:\/\/oplaesning.samfundslitteratur.dk\/index.php?rest_route=\/wp\/v2\/pages\/86","targetHints":{"allow":["GET"]}}],"collection":[{"href":"https:\/\/oplaesning.samfundslitteratur.dk\/index.php?rest_route=\/wp\/v2\/pages"}],"about":[{"href":"https:\/\/oplaesning.samfundslitteratur.dk\/index.php?rest_route=\/wp\/v2\/types\/page"}],"author":[{"embeddable":true,"href":"https:\/\/oplaesning.samfundslitteratur.dk\/index.php?rest_route=\/wp\/v2\/users\/1"}],"replies":[{"embeddable":true,"href":"https:\/\/oplaesning.samfundslitteratur.dk\/index.php?rest_route=%2Fwp%2Fv2%2Fcomments&post=86"}],"version-history":[{"count":5,"href":"https:\/\/oplaesning.samfundslitteratur.dk\/index.php?rest_route=\/wp\/v2\/pages\/86\/revisions"}],"predecessor-version":[{"id":545,"href":"https:\/\/oplaesning.samfundslitteratur.dk\/index.php?rest_route=\/wp\/v2\/pages\/86\/revisions\/545"}],"wp:attachment":[{"href":"https:\/\/oplaesning.samfundslitteratur.dk\/index.php?rest_route=%2Fwp%2Fv2%2Fmedia&parent=86"}],"curies":[{"name":"wp","href":"https:\/\/api.w.org\/{rel}","templated":true}]}}