{"id":77,"date":"2017-05-16T14:34:36","date_gmt":"2017-05-16T14:34:36","guid":{"rendered":"http:\/\/oplaesning.samfundslitteratur.dk\/?page_id=77"},"modified":"2017-08-15T07:36:57","modified_gmt":"2017-08-15T07:36:57","slug":"om-bogen-2","status":"publish","type":"page","link":"https:\/\/oplaesning.samfundslitteratur.dk\/?page_id=77","title":{"rendered":"Om bogen"},"content":{"rendered":"<p>Her p\u00e5 hjemmesiden kan du finde inspiration om opl\u00e6sning og tilbeh\u00f8r til bogen <i>Fra \u00f8je til \u00f8re. Redskaber og virkemidler i opl\u00e6sning<\/i>.<\/p>\n<p>Lyt til vores opl\u00e6sning af bogens forord:<\/p>\n<audio class=\"wp-audio-shortcode\" id=\"audio-77-1\" preload=\"none\" style=\"width: 100%;\" controls=\"controls\"><source type=\"audio\/mpeg\" src=\"http:\/\/oplaesning.samfundslitteratur.dk\/wp-content\/uploads\/2017\/06\/Forord-1.mp3?_=1\" \/><a href=\"http:\/\/oplaesning.samfundslitteratur.dk\/wp-content\/uploads\/2017\/06\/Forord-1.mp3\">http:\/\/oplaesning.samfundslitteratur.dk\/wp-content\/uploads\/2017\/06\/Forord-1.mp3<\/a><\/audio>\n<p>&nbsp;<\/p>\n<p>Hvis du sidder med bogen i h\u00e5nden, vil du her kunne finde <a href=\"http:\/\/oplaesning.samfundslitteratur.dk\/?page_id=81\">ekstramateriale<\/a> til bogen, der kan supplere l\u00e6sningen. Her er<\/p>\n<ul>\n<li>de links, vi n\u00e6vner i bogen,<\/li>\n<li>billeder af, hvordan du udf\u00f8rer forskellige \u00f8velser,<\/li>\n<li>optagelser med opl\u00e6sninger af teksteksempler fra bogen.<\/li>\n<\/ul>\n<p>Hvis du ikke har bogen, kan du finde <a href=\"http:\/\/oplaesning.samfundslitteratur.dk\/?page_id=77\">bagsidetekst, indholdsfortegnelse, andre oplysninger om bogen og information om, hvor du kan k\u00f8be den<\/a>.<\/p>\n<p>Vi opdaterer <a href=\"http:\/\/oplaesning.samfundslitteratur.dk\/?page_id=208\">Nyt om opl\u00e6sning<\/a> l\u00f8bende, n\u00e5r vi st\u00e5r over for s\u00e6rlige udfordringer med l\u00f8sninger, der kan inspirere alle, n\u00e5r vi h\u00f8rer om et sp\u00e6ndende <a href=\"http:\/\/oplaesning.samfundslitteratur.dk\/?p=216\">opl\u00e6sningsarrangement<\/a>, eller n\u00e5r vi gerne vil dele noget om opl\u00e6sning, der kan have v\u00e6rdi for andre interesserede.<\/p>\n<p>Hvis du gerne vil i kontakt med bogens forfattere, kan du finde deres <a href=\"http:\/\/oplaesning.samfundslitteratur.dk\/?page_id=234\">kontaktoplysninger her<\/a>. Du kan ogs\u00e5 l\u00e6se mere om <a href=\"http:\/\/oplaesning.samfundslitteratur.dk\/?page_id=70\">forfatterne<\/a> og l\u00e6se om, hvad de tilbyder af <a href=\"http:\/\/oplaesning.samfundslitteratur.dk\/?page_id=86\">workshops, kurser og undervisning<\/a><\/p>\n<p><img loading=\"lazy\" decoding=\"async\" class=\"alignnone wp-image-496 size-large\" src=\"http:\/\/oplaesning.samfundslitteratur.dk\/wp-content\/uploads\/2017\/08\/fra\u00f8jetil\u00f8re3-1-1024x682.jpg\" alt=\"\" width=\"750\" height=\"500\" srcset=\"https:\/\/oplaesning.samfundslitteratur.dk\/wp-content\/uploads\/2017\/08\/fra\u00f8jetil\u00f8re3-1-1024x682.jpg 1024w, https:\/\/oplaesning.samfundslitteratur.dk\/wp-content\/uploads\/2017\/08\/fra\u00f8jetil\u00f8re3-1-300x200.jpg 300w, https:\/\/oplaesning.samfundslitteratur.dk\/wp-content\/uploads\/2017\/08\/fra\u00f8jetil\u00f8re3-1-768x511.jpg 768w, https:\/\/oplaesning.samfundslitteratur.dk\/wp-content\/uploads\/2017\/08\/fra\u00f8jetil\u00f8re3-1-360x240.jpg 360w\" sizes=\"auto, (max-width: 750px) 100vw, 750px\" \/><\/p>\n<p>&nbsp;<\/p>\n","protected":false},"excerpt":{"rendered":"<p>Her p\u00e5 hjemmesiden kan du finde inspiration om opl\u00e6sning og tilbeh\u00f8r til bogen Fra \u00f8je til \u00f8re. Redskaber og virkemidler i opl\u00e6sning. Lyt til vores opl\u00e6sning af bogens forord: &nbsp; Hvis du sidder med bogen i h\u00e5nden, vil du her kunne finde ekstramateriale til bogen, der kan supplere l\u00e6sningen. Her [&hellip;]<\/p>\n","protected":false},"author":1,"featured_media":0,"parent":0,"menu_order":0,"comment_status":"closed","ping_status":"closed","template":"","meta":{"footnotes":""},"class_list":["post-77","page","type-page","status-publish","hentry"],"_links":{"self":[{"href":"https:\/\/oplaesning.samfundslitteratur.dk\/index.php?rest_route=\/wp\/v2\/pages\/77","targetHints":{"allow":["GET"]}}],"collection":[{"href":"https:\/\/oplaesning.samfundslitteratur.dk\/index.php?rest_route=\/wp\/v2\/pages"}],"about":[{"href":"https:\/\/oplaesning.samfundslitteratur.dk\/index.php?rest_route=\/wp\/v2\/types\/page"}],"author":[{"embeddable":true,"href":"https:\/\/oplaesning.samfundslitteratur.dk\/index.php?rest_route=\/wp\/v2\/users\/1"}],"replies":[{"embeddable":true,"href":"https:\/\/oplaesning.samfundslitteratur.dk\/index.php?rest_route=%2Fwp%2Fv2%2Fcomments&post=77"}],"version-history":[{"count":5,"href":"https:\/\/oplaesning.samfundslitteratur.dk\/index.php?rest_route=\/wp\/v2\/pages\/77\/revisions"}],"predecessor-version":[{"id":512,"href":"https:\/\/oplaesning.samfundslitteratur.dk\/index.php?rest_route=\/wp\/v2\/pages\/77\/revisions\/512"}],"wp:attachment":[{"href":"https:\/\/oplaesning.samfundslitteratur.dk\/index.php?rest_route=%2Fwp%2Fv2%2Fmedia&parent=77"}],"curies":[{"name":"wp","href":"https:\/\/api.w.org\/{rel}","templated":true}]}}