{"id":70,"date":"2017-05-16T14:33:44","date_gmt":"2017-05-16T14:33:44","guid":{"rendered":"http:\/\/oplaesning.samfundslitteratur.dk\/?page_id=70"},"modified":"2017-08-16T09:49:01","modified_gmt":"2017-08-16T09:49:01","slug":"om-forfatterne","status":"publish","type":"page","link":"https:\/\/oplaesning.samfundslitteratur.dk\/?page_id=70","title":{"rendered":"Om forfatterne"},"content":{"rendered":"<p>Bogens forfattere er Hanne Smith Pedersen og Louise Fischer-Nielsen, som begge er cand.mag. i retorik. Her kan du l\u00e6se mere om, hvem de er. Du kan finde <a href=\"http:\/\/oplaesning.samfundslitteratur.dk\/?page_id=234\">kontaktoplysninger p\u00e5 forfatterne her<\/a>.<\/p>\n<p><img loading=\"lazy\" decoding=\"async\" class=\"alignnone wp-image-330 size-full\" src=\"http:\/\/oplaesning.samfundslitteratur.dk\/wp-content\/uploads\/2017\/05\/DSC9105-2.jpg\" alt=\"\" width=\"4152\" height=\"3114\" srcset=\"https:\/\/oplaesning.samfundslitteratur.dk\/wp-content\/uploads\/2017\/05\/DSC9105-2.jpg 4152w, https:\/\/oplaesning.samfundslitteratur.dk\/wp-content\/uploads\/2017\/05\/DSC9105-2-300x225.jpg 300w, https:\/\/oplaesning.samfundslitteratur.dk\/wp-content\/uploads\/2017\/05\/DSC9105-2-768x576.jpg 768w, https:\/\/oplaesning.samfundslitteratur.dk\/wp-content\/uploads\/2017\/05\/DSC9105-2-1024x768.jpg 1024w\" sizes=\"auto, (max-width: 4152px) 100vw, 4152px\" \/><\/p>\n<h4><b>Louise:<\/b><\/h4>\n<p>Jeg blev f\u00e6rdiguddannet fra K\u00f8benhavns Universitet i sommeren 2014, og siden da har jeg ikke haft lyst til at tale om andet end retorik og hj\u00e6lpe folk med at udtrykke sig bedre, mere m\u00e5lrettet og mere pr\u00e6cist med retorikkens v\u00e6rkt\u00f8jer. Derfor oprettede jeg i 2015 mit firma, Talev\u00e6rkstedet. Her underviser og r\u00e5dgiver jeg i praktisk retorik over en bred vifte af kommunikationsgenrer. Jeg underviser b\u00e5de i stemmebrug for bl.a. l\u00e6rere og guider i Tivoli, i opl\u00e6sning for pr\u00e6ster, forfattere og l\u00e6gmandsl\u00e6sere, i speak for podcastere, i pr\u00e6sentationsteknik for studerende, og jeg hj\u00e6lper ogs\u00e5 folk med at skrive bedre, laver redaktionelt arbejde p\u00e5 b\u00f8ger og underviser i akademisk skrivning p\u00e5 universiteter. L\u00e6s mere om, hvad jeg har lavet, og hvordan jeg arbejder p\u00e5 min\u00a0<a href=\"http:\/\/www.talevaerkstedet.dk\">hjemmeside<\/a>.<\/p>\n<p>Min fascination af opl\u00e6sning er begyndt tidligt. Begge mine for\u00e6ldre er pr\u00e6ster, s\u00e5 der var som lille rig mulighed til at studere opl\u00e6sningens kunst og kraft i kirken, og de kirkelige tekster og opl\u00e6sninger og dermed min k\u00e6rlighed til sprog og retoriske discipliner er kommet ind med moderm\u00e6lken.<\/p>\n<p>Jeg begyndte tidligt at h\u00f8re lydb\u00f8ger og er ogs\u00e5 stor fan af podcasts, og begge dele lytter jeg til, n\u00e5r jeg l\u00f8ber ture eller cykler. Jeg har v\u00e6ret i b\u00e5de Radio 24syv og Den 2. Radio for at tale om opl\u00e6sning, og jeg elsker at undervise i opl\u00e6sning, fordi jeg oplever, at folk rykker sig langt p\u00e5 kort tid. Jeg arbejder altid meget praktisk, og min store styrke er et \u00f8je for den pr\u00e6cise, tilpassede og konstruktive feedback og at skabe et trygt rum at v\u00e6re og arbejde i.<\/p>\n<h4><b>Min egen st\u00f8rste opl\u00e6sningsoplevelse<\/b><\/h4>\n<p>En af de mest overraskende oplevelser, jeg har med opl\u00e6sning \u2013 eller faktisk recitation \u2013 var under min uddannelse i faget opl\u00e6sning, hvor jeg op til jul havde sagt ja til at \u00f8ve mig p\u00e5 at recitere juleevangeliet for resten af holdet. F\u00f8rste gang jeg gjorde det, lykkedes det ikke. Men anden gang ramte jeg en nerve og et nu, der var helt magisk. Jeg var sammen med tilh\u00f8rerne inde i en boble af ordenes magt og kraft, og det virkede helt enormt st\u00e6rkt b\u00e5de p\u00e5 mig, men ogs\u00e5 p\u00e5 dem, der lyttede.<\/p>\n<h4><b>Louise har tidligere udgivet:<\/b><\/h4>\n<ul>\n<li><a href=\"http:\/\/www.kommunikationsforum.dk\/artikler\/Analyse-af-Loekkes-tale-efter-terrorangebene-i-Paris-\">\u201dSamme samlende terrortale\u201d<\/a>, Kommunikationsforum, 2015.<\/li>\n<li><a href=\"http:\/\/www.forlagetradius.dk\/project\/typiske-fejl-i-specialer-og-store-opgaver-79-dkk\/\"><i>Typiske sproglige fejl i specialer og store opgaver \u2013 og hvordan du retter dem<\/i><\/a>. Forlaget Radius, 2015.<\/li>\n<li>\u201dBedre compliance? Kig i retorikerens v\u00e6rkt\u00f8jskasse\u201d i Fagbladet Fysioterapeuten #3, 2015.<\/li>\n<\/ul>\n<h4><b>Hanne:<\/b><\/h4>\n<p>Jeg underviser i opl\u00e6sning, fort\u00e6lling og stemmebrug p\u00e5 retorikstudiet ved K\u00f8benhavns Universitet, og f\u00f8r det har jeg undervist p\u00e5 bl.a. private teaterskoler, UCC, Krogerup H\u00f8jskole og p\u00e5 seminarier. Sidel\u00f8bende driver jeg kursusvirksomheden <a href=\"http:\/\/www.fonegs.dk\">Fonegs Kommunikation<\/a> hvor der er fokus p\u00e5 stemmebrug, mundtlig formidling, retorik og opl\u00e6sning. Her underviser og r\u00e5dgiver jeg bl.a. ledere, informationsmedarbejdere, s\u00e6lgere, ingeni\u00f8rer og andre undervisere i at bruge stemmen og sproget bedst muligt.<\/p>\n<p>Stemme, sprog og musik har altid v\u00e6ret den tre-enighed, hvor mine faglige og personlige interesser har udspillet sig. Med violinen eller kor-noderne i h\u00e5nden har jeg boltret mig i musikgl\u00e6de, siden jeg mistede m\u00e6lket\u00e6nderne. Arbejdet med musikken har \u00e5bnet for en nuanceret m\u00e5de at lytte til og arbejde med det mundtlige sprog. I noderne er der angivet fx tempo ( \u201cAllegro molto\u201d) \u00a0og volumen (\u201cpp\u201d) &#8211; men det er jo kun en del af kunsten med at oms\u00e6tte nodebilledet til musik, der kan gribe os og sende de sm\u00e5 h\u00e5r en tur i vejret. I det mundtlige sprog er musikkens betegnelser en hj\u00e6lp til at konkretisere, hvad man h\u00f8rer og til at oms\u00e6tte den skrevne tekst til en opl\u00e6sning, som kan v\u00e6kke interesse og genklang hos lytterne.<\/p>\n<h4><b>En oplevelse i opl\u00e6sning<\/b><\/h4>\n<p>Danskl\u00e6rerforeningen har gennem en \u00e5rr\u00e6kke arrangeret en H.C. Andersen opl\u00e6sningskonkurrence for 7. klasses elever. Jeg har fra 2013-16 v\u00e6ret dommer i konkurrencens finale, som hvert \u00e5r blev afholdt i H.C. Andersens hus i Odense. Efter en lang udv\u00e6lgelsesproces st\u00e5r 12 elever klar til at l\u00e6se op for de kammerater, l\u00e6rere og for\u00e6ldre, der er m\u00f8dt frem fra hele Danmark.<\/p>\n<p>Det har v\u00e6ret fantastisk inspirerende at opleve, hvordan de top-engagerede og virkelig ambiti\u00f8se unge har arbejdet s\u00e5 meget med et eventyr, at teksten er kommet helt ind under huden p\u00e5 dem. Ord og s\u00e6tninger er blevet \u00f8vet s\u00e5 mange gange, at de lyder helt naturlige i munden p\u00e5 en 14-\u00e5rig dansk teenager. Karaktererne har f\u00e5et tillagt mange forskellige personlighedsnuancer, samtidig med at stemmen og det mundtlige udtryk understreger beskrivelser og stemninger i eventyrerne.<\/p>\n<p>Konkurrencens vindere har udover at formidle teksten givet en oplevelse, som rummede meget mere end ordene i sig selv &#8211; en kuldegysning, en t\u00e5re i \u00f8jet, en oplevelse af at have forst\u00e5et eventyret p\u00e5 en helt anden m\u00e5de. Desv\u00e6rre er konkurrencen nu sparet v\u00e6k.<\/p>\n<h4><b>Hanne har tidligere udgivet:<\/b><\/h4>\n<ul>\n<li><a href=\"http:\/\/www.retorikforlaget.dk\/se-udgivelser\/boger\/danske-boger\/stemmen-og-tilhorerne\"><i>Stemmen og tilh\u00f8rerne. Taleundervisning i retorisk perspektiv<\/i><\/a>, red. Jette Barnholdt Hansen og Hanne Smith Pedersen, Retorikforlaget, 2016.<\/li>\n<li>\u201dHvorn\u00e5r er gode historier tomme argumenter?&#8221; I <a href=\"https:\/\/www.retorikforlaget.dk\/rf\/retorikmagasinet-94-2014\/\">RetorikMagasinet, vol. 24 \u00e5rgang, nr. 94<\/a>, 2014, s. 14-16.<\/li>\n<li>\u201dRhetorical Functions and Ethics of Narratives in Political Speeches\u201d, <i>Storying Humanity: Narratives of Culture and Society<\/i>, red. R. Wirth; D. Serrati; K. Macedulska, Inter-Disciplinary Press, 2015, s. 11-118.<\/li>\n<li>\u201cAnatomiske og fysiologiske foruds\u00e6tninger for sprog\u201d, <i>H\u00e5ndbog for sprogvejledere. Teori og praksis<\/i>. Red. H. M\u00e5nsson, L. Basse, H.I. Bylander, Dansk Psykologisk forlag, 2010, s. 303-314<\/li>\n<li>\u201cKan du tale lidt h\u00f8jere?\u201d i <i>Budstikken<\/i>: nyt om dansk-nordisk sprog og sprogr\u00f8gt, Vol. 3, 2009, s. 9-14<\/li>\n<li>\u201dNervepirrende retorik\u201d i <i>RetorikMagasinet<\/i>, nr. 73, 2009 s. 24-27.<\/li>\n<\/ul>\n","protected":false},"excerpt":{"rendered":"<p>Bogens forfattere er Hanne Smith Pedersen og Louise Fischer-Nielsen, som begge er cand.mag. i retorik. Her kan du l\u00e6se mere om, hvem de er. Du kan finde kontaktoplysninger p\u00e5 forfatterne her. Louise: Jeg blev f\u00e6rdiguddannet fra K\u00f8benhavns Universitet i sommeren 2014, og siden da har jeg ikke haft lyst til [&hellip;]<\/p>\n","protected":false},"author":1,"featured_media":0,"parent":0,"menu_order":0,"comment_status":"closed","ping_status":"closed","template":"","meta":{"footnotes":""},"class_list":["post-70","page","type-page","status-publish","hentry"],"_links":{"self":[{"href":"https:\/\/oplaesning.samfundslitteratur.dk\/index.php?rest_route=\/wp\/v2\/pages\/70","targetHints":{"allow":["GET"]}}],"collection":[{"href":"https:\/\/oplaesning.samfundslitteratur.dk\/index.php?rest_route=\/wp\/v2\/pages"}],"about":[{"href":"https:\/\/oplaesning.samfundslitteratur.dk\/index.php?rest_route=\/wp\/v2\/types\/page"}],"author":[{"embeddable":true,"href":"https:\/\/oplaesning.samfundslitteratur.dk\/index.php?rest_route=\/wp\/v2\/users\/1"}],"replies":[{"embeddable":true,"href":"https:\/\/oplaesning.samfundslitteratur.dk\/index.php?rest_route=%2Fwp%2Fv2%2Fcomments&post=70"}],"version-history":[{"count":5,"href":"https:\/\/oplaesning.samfundslitteratur.dk\/index.php?rest_route=\/wp\/v2\/pages\/70\/revisions"}],"predecessor-version":[{"id":553,"href":"https:\/\/oplaesning.samfundslitteratur.dk\/index.php?rest_route=\/wp\/v2\/pages\/70\/revisions\/553"}],"wp:attachment":[{"href":"https:\/\/oplaesning.samfundslitteratur.dk\/index.php?rest_route=%2Fwp%2Fv2%2Fmedia&parent=70"}],"curies":[{"name":"wp","href":"https:\/\/api.w.org\/{rel}","templated":true}]}}