{"id":63,"date":"2017-05-16T14:30:07","date_gmt":"2017-05-16T14:30:07","guid":{"rendered":"http:\/\/oplaesning.samfundslitteratur.dk\/?page_id=63"},"modified":"2017-08-16T09:00:12","modified_gmt":"2017-08-16T09:00:12","slug":"del-4","status":"publish","type":"page","link":"https:\/\/oplaesning.samfundslitteratur.dk\/?page_id=63","title":{"rendered":"Del 4: Udfordringer i forskellige opl\u00e6sningsgenrer"},"content":{"rendered":"<p>Her finder du materiale til bogens del 4 om forskellige opl\u00e6sningsgenrer. Der er b\u00e5de links til poetry slammere og lydfiler med eksempler, vi selv har indl\u00e6st.<\/p>\n<h4><strong>Kapitel 14:\u00a0<\/strong><strong>Digte<\/strong><\/h4>\n<p>I kapitlet om digte er vi inde p\u00e5 begrebet \u201cenjambement\u201d. Ordet betyder \u201cat skr\u00e6ve over\u201d. I opl\u00e6sningen af et digt kan det v\u00e6re aktuelt at arbejde med, n\u00e5r to verslinjer h\u00e6nger syntaktisk sammen. I opl\u00e6sningen af Halfdan Rasmussens digt kan man s\u00e5 at sige skr\u00e6ve fra den ene verslinje til det n\u00e6ste:<\/p>\n<p>&nbsp;<\/p>\n<audio class=\"wp-audio-shortcode\" id=\"audio-63-1\" preload=\"none\" style=\"width: 100%;\" controls=\"controls\"><source type=\"audio\/mpeg\" src=\"http:\/\/oplaesning.samfundslitteratur.dk\/wp-content\/uploads\/2017\/06\/Kap-14-Enjambement-Rasmussen-2006.mp3?_=1\" \/><a href=\"http:\/\/oplaesning.samfundslitteratur.dk\/wp-content\/uploads\/2017\/06\/Kap-14-Enjambement-Rasmussen-2006.mp3\">http:\/\/oplaesning.samfundslitteratur.dk\/wp-content\/uploads\/2017\/06\/Kap-14-Enjambement-Rasmussen-2006.mp3<\/a><\/audio>\n<p>&nbsp;<\/p>\n<p>Her finder du <a href=\"http:\/\/festsange.dk\/festsange\/sangen-som-ikke-kan-synes\/\">et link til den festsang<\/a>, der er sv\u00e6r at synge, fordi den ikke overholder melodiens rytme og de metriske foreskrifter.<\/p>\n<p>De metriske digte kan v\u00e6re sv\u00e6re at f\u00e5 hold p\u00e5, fordi rytmen og sproget skal f\u00f8lges ad. Fornemmelsen for versformen m\u00e5 g\u00e5 h\u00e5nd i h\u00e5nd med forst\u00e5elsen af indholdet, og det lykkes bedst, n\u00e5r man l\u00e6ser digtet op. Vi har i bogen citeret de f\u00f8rste fire strofer af Wessels digt om Herremanden. Pointen i digtet ligger dog f\u00f8rst i de sidste strofer \u2013 du f\u00e5r hele historien her:<\/p>\n<p>&nbsp;<\/p>\n<audio class=\"wp-audio-shortcode\" id=\"audio-63-2\" preload=\"none\" style=\"width: 100%;\" controls=\"controls\"><source type=\"audio\/mpeg\" src=\"http:\/\/oplaesning.samfundslitteratur.dk\/wp-content\/uploads\/2017\/06\/Kap-14-Metriske-digte-Johan-Herman-Wessel.mp3?_=2\" \/><a href=\"http:\/\/oplaesning.samfundslitteratur.dk\/wp-content\/uploads\/2017\/06\/Kap-14-Metriske-digte-Johan-Herman-Wessel.mp3\">http:\/\/oplaesning.samfundslitteratur.dk\/wp-content\/uploads\/2017\/06\/Kap-14-Metriske-digte-Johan-Herman-Wessel.mp3<\/a><\/audio>\n<p>&nbsp;<\/p>\n<p>I afsnittet om opl\u00e6sning af frie digte giver vi et bud p\u00e5 et opl\u00e6sningsmanuskript, hvor vi har vi blandet den metriske, den syntaktiske og den frasiske tilgange til opl\u00e6sningen. Teksten er <em>Novemberstykke<\/em> af Peter Laugesen. Den kan fx lyde s\u00e5dan:<\/p>\n<p>&nbsp;<\/p>\n<audio class=\"wp-audio-shortcode\" id=\"audio-63-3\" preload=\"none\" style=\"width: 100%;\" controls=\"controls\"><source type=\"audio\/mpeg\" src=\"http:\/\/oplaesning.samfundslitteratur.dk\/wp-content\/uploads\/2017\/06\/Kap-14-Frie-digte-Laugesen-1991.mp3?_=3\" \/><a href=\"http:\/\/oplaesning.samfundslitteratur.dk\/wp-content\/uploads\/2017\/06\/Kap-14-Frie-digte-Laugesen-1991.mp3\">http:\/\/oplaesning.samfundslitteratur.dk\/wp-content\/uploads\/2017\/06\/Kap-14-Frie-digte-Laugesen-1991.mp3<\/a><\/audio>\n<p>&nbsp;<\/p>\n<h4><strong>Poetry slam og spoken word<\/strong><\/h4>\n<p><a href=\"http:\/\/www.marckellysmith.net\/\">Link til hjemmesiden<\/a> om manden, der startede poetry slam, Marc Kelly Smith.<\/p>\n<p>Herunder er der links til youtubevideoer med forskellige poetry slammere:<\/p>\n<ul>\n<li>Peter Dyreborg er en af de mest aktive poetry slammere p\u00e5 den danske scene. <a href=\"https:\/\/www.youtube.com\/watch?v=a65uPM23rP4.\">Her er han i en optr\u00e6den<\/a> fra 2010 med et digt komponeret som en liste.<\/li>\n<li>Emil Nygaard vandt Fynsmesterskaberne i poetry slam i januar 2016 med et <a href=\"https:\/\/www.youtube.com\/watch?v=x9dRb4MSWhU\">slam, som er bygget op om ordet \u2019demo\u2019<\/a>.<\/li>\n<li>Katrine Volsing har i en tydelig rytme i digtet <a href=\"https:\/\/www.youtube.com\/watch?v=rHaC1PRHgoU\">\u201cDig og mig\u201d<\/a>.<\/li>\n<li><a href=\"https:\/\/www.youtube.com\/watch?v=ysR1CIiON5k\">Optagelse af Dennis Buchleitner<\/a>, som vi har interviewet til bogen, og som fort\u00e6ller om spoken words og at v\u00e6re poetry slammer i afsnittet om poetry slam og spoken words.<\/li>\n<\/ul>\n<h4><b>Kapitel 15: Opl\u00e6sning i gudstjenesten<\/b><\/h4>\n<p>Her er <a href=\"http:\/\/kirkenikbh.dk\/files\/attachments\/rapport_over_gudstjenesteundersoegelse_i_koebenhavns_stift_2015.pdf\">et link til K\u00f8benhavns Stifts rapport<\/a> om gudstjenestelivet i K\u00f8benhavns Stift 2015.<\/p>\n<p>I kapitlet om opl\u00e6sning af kirkelige tekster har vi givet et bud p\u00e5 en opl\u00e6sning en bibeltekst for at anskueligg\u00f8re, hvordan man kan forberede sig, s\u00e5 man kan l\u00e6se op med et godt resultat. Vi har valgt en af de sv\u00e6re, reflekterende tekster fra Paulus, 2. Kor 9, 6-11:<\/p>\n<p>&nbsp;<\/p>\n<audio class=\"wp-audio-shortcode\" id=\"audio-63-4\" preload=\"none\" style=\"width: 100%;\" controls=\"controls\"><source type=\"audio\/mpeg\" src=\"http:\/\/oplaesning.samfundslitteratur.dk\/wp-content\/uploads\/2017\/06\/Kap-15-Teksteksempel-2-Kor.mp3?_=4\" \/><a href=\"http:\/\/oplaesning.samfundslitteratur.dk\/wp-content\/uploads\/2017\/06\/Kap-15-Teksteksempel-2-Kor.mp3\">http:\/\/oplaesning.samfundslitteratur.dk\/wp-content\/uploads\/2017\/06\/Kap-15-Teksteksempel-2-Kor.mp3<\/a><\/audio>\n","protected":false},"excerpt":{"rendered":"<p>Her finder du materiale til bogens del 4 om forskellige opl\u00e6sningsgenrer. Der er b\u00e5de links til poetry slammere og lydfiler med eksempler, vi selv har indl\u00e6st. Kapitel 14:\u00a0Digte I kapitlet om digte er vi inde p\u00e5 begrebet \u201cenjambement\u201d. Ordet betyder \u201cat skr\u00e6ve over\u201d. I opl\u00e6sningen af et digt kan det [&hellip;]<\/p>\n","protected":false},"author":1,"featured_media":0,"parent":0,"menu_order":0,"comment_status":"closed","ping_status":"closed","template":"","meta":{"footnotes":""},"class_list":["post-63","page","type-page","status-publish","hentry"],"_links":{"self":[{"href":"https:\/\/oplaesning.samfundslitteratur.dk\/index.php?rest_route=\/wp\/v2\/pages\/63","targetHints":{"allow":["GET"]}}],"collection":[{"href":"https:\/\/oplaesning.samfundslitteratur.dk\/index.php?rest_route=\/wp\/v2\/pages"}],"about":[{"href":"https:\/\/oplaesning.samfundslitteratur.dk\/index.php?rest_route=\/wp\/v2\/types\/page"}],"author":[{"embeddable":true,"href":"https:\/\/oplaesning.samfundslitteratur.dk\/index.php?rest_route=\/wp\/v2\/users\/1"}],"replies":[{"embeddable":true,"href":"https:\/\/oplaesning.samfundslitteratur.dk\/index.php?rest_route=%2Fwp%2Fv2%2Fcomments&post=63"}],"version-history":[{"count":5,"href":"https:\/\/oplaesning.samfundslitteratur.dk\/index.php?rest_route=\/wp\/v2\/pages\/63\/revisions"}],"predecessor-version":[{"id":533,"href":"https:\/\/oplaesning.samfundslitteratur.dk\/index.php?rest_route=\/wp\/v2\/pages\/63\/revisions\/533"}],"wp:attachment":[{"href":"https:\/\/oplaesning.samfundslitteratur.dk\/index.php?rest_route=%2Fwp%2Fv2%2Fmedia&parent=63"}],"curies":[{"name":"wp","href":"https:\/\/api.w.org\/{rel}","templated":true}]}}