{"id":44,"date":"2017-05-16T14:20:04","date_gmt":"2017-05-16T14:20:04","guid":{"rendered":"http:\/\/oplaesning.samfundslitteratur.dk\/?page_id=44"},"modified":"2017-08-14T10:27:56","modified_gmt":"2017-08-14T10:27:56","slug":"del-1","status":"publish","type":"page","link":"https:\/\/oplaesning.samfundslitteratur.dk\/?page_id=44","title":{"rendered":"Del 1: Introduktion til opl\u00e6sning"},"content":{"rendered":"<p>Her er materialet til bogens del 1. Det er dog kun et enkelt link fra bogens kapitel 3.<\/p>\n<h4><b>Kapitel 3: Hvilke situationer l\u00e6ser man op i?<\/b><\/h4>\n<p>Opl\u00e6sning foreg\u00e5r i mange forskellige situationer og har forskellige form\u00e5l og krav. I bogens kapitel 3 gennemg\u00e5r vi en model til at analysere situationen, s\u00e5 man kan forberede sig og f\u00e5 det bedste ud af opl\u00e6sningen.<\/p>\n<p>Analysemodellen bliver fulgt op af en case, som vi bruger i en situationsanalyse. Den er inspireret af en artikel fra \u00c5rhus Stiftstidende den 14. september 2016.<\/p>\n<p><span style=\"font-weight: 400;\"><a href=\"http:\/\/stiften.dk\/aarhus\/Hoejtlaesning-er-ogsaa-for-voksne\/artikel\/368244\">Den finder du i linket her<\/a>.<\/span><span style=\"font-weight: 400;\"><br \/>\n<\/span><\/p>\n<p><img loading=\"lazy\" decoding=\"async\" class=\"alignnone size-full wp-image-504\" src=\"http:\/\/oplaesning.samfundslitteratur.dk\/wp-content\/uploads\/2017\/05\/del1-2.jpg\" alt=\"\" width=\"5456\" height=\"1355\" srcset=\"https:\/\/oplaesning.samfundslitteratur.dk\/wp-content\/uploads\/2017\/05\/del1-2.jpg 5456w, https:\/\/oplaesning.samfundslitteratur.dk\/wp-content\/uploads\/2017\/05\/del1-2-300x75.jpg 300w, https:\/\/oplaesning.samfundslitteratur.dk\/wp-content\/uploads\/2017\/05\/del1-2-768x191.jpg 768w, https:\/\/oplaesning.samfundslitteratur.dk\/wp-content\/uploads\/2017\/05\/del1-2-1024x254.jpg 1024w\" sizes=\"auto, (max-width: 5456px) 100vw, 5456px\" \/><\/p>\n<p>&nbsp;<\/p>\n","protected":false},"excerpt":{"rendered":"<p>Her er materialet til bogens del 1. Det er dog kun et enkelt link fra bogens kapitel 3. Kapitel 3: Hvilke situationer l\u00e6ser man op i? Opl\u00e6sning foreg\u00e5r i mange forskellige situationer og har forskellige form\u00e5l og krav. I bogens kapitel 3 gennemg\u00e5r vi en model til at analysere situationen, [&hellip;]<\/p>\n","protected":false},"author":1,"featured_media":0,"parent":0,"menu_order":0,"comment_status":"closed","ping_status":"closed","template":"","meta":{"footnotes":""},"class_list":["post-44","page","type-page","status-publish","hentry"],"_links":{"self":[{"href":"https:\/\/oplaesning.samfundslitteratur.dk\/index.php?rest_route=\/wp\/v2\/pages\/44","targetHints":{"allow":["GET"]}}],"collection":[{"href":"https:\/\/oplaesning.samfundslitteratur.dk\/index.php?rest_route=\/wp\/v2\/pages"}],"about":[{"href":"https:\/\/oplaesning.samfundslitteratur.dk\/index.php?rest_route=\/wp\/v2\/types\/page"}],"author":[{"embeddable":true,"href":"https:\/\/oplaesning.samfundslitteratur.dk\/index.php?rest_route=\/wp\/v2\/users\/1"}],"replies":[{"embeddable":true,"href":"https:\/\/oplaesning.samfundslitteratur.dk\/index.php?rest_route=%2Fwp%2Fv2%2Fcomments&post=44"}],"version-history":[{"count":5,"href":"https:\/\/oplaesning.samfundslitteratur.dk\/index.php?rest_route=\/wp\/v2\/pages\/44\/revisions"}],"predecessor-version":[{"id":509,"href":"https:\/\/oplaesning.samfundslitteratur.dk\/index.php?rest_route=\/wp\/v2\/pages\/44\/revisions\/509"}],"wp:attachment":[{"href":"https:\/\/oplaesning.samfundslitteratur.dk\/index.php?rest_route=%2Fwp%2Fv2%2Fmedia&parent=44"}],"curies":[{"name":"wp","href":"https:\/\/api.w.org\/{rel}","templated":true}]}}