{"id":321,"date":"2017-07-14T12:11:50","date_gmt":"2017-07-14T12:11:50","guid":{"rendered":"http:\/\/oplaesning.samfundslitteratur.dk\/?page_id=321"},"modified":"2017-08-16T09:47:09","modified_gmt":"2017-08-16T09:47:09","slug":"koeb-bogen","status":"publish","type":"page","link":"https:\/\/oplaesning.samfundslitteratur.dk\/?page_id=321","title":{"rendered":"K\u00f8b bogen"},"content":{"rendered":"<p>Du kan bestille bogen hjem i diverse boghandlere, du kan k\u00f8be bogen i <a href=\"http:\/\/www.academicbooks.dk\/fra-oeje-til-oere\/louise-fischer-nielsen\/hanne-smith-pedersen\/9788759329160\">akademiske boghandlere<\/a> p\u00e5 universiteter, eller du kan finde bogen p\u00e5 <a href=\"https:\/\/www.saxo.com\/dk\/fra-oeje-til-oere_hanne-smith-pedersenlouise-fischer-nielsen_paperback_9788759329160\">saxo.com<\/a> eller hos <a href=\"http:\/\/samfundslitteratur.dk\/bog\/fra-%C3%B8je-til-%C3%B8re\">Samfundslitteratur<\/a>.<\/p>\n<p>&nbsp;<\/p>\n<p><img loading=\"lazy\" decoding=\"async\" class=\"alignnone wp-image-451 size-large\" src=\"http:\/\/oplaesning.samfundslitteratur.dk\/wp-content\/uploads\/2017\/08\/billede1-1024x682.jpg\" alt=\"\" width=\"750\" height=\"500\" srcset=\"https:\/\/oplaesning.samfundslitteratur.dk\/wp-content\/uploads\/2017\/08\/billede1-1024x682.jpg 1024w, https:\/\/oplaesning.samfundslitteratur.dk\/wp-content\/uploads\/2017\/08\/billede1-300x200.jpg 300w, https:\/\/oplaesning.samfundslitteratur.dk\/wp-content\/uploads\/2017\/08\/billede1-768x511.jpg 768w, https:\/\/oplaesning.samfundslitteratur.dk\/wp-content\/uploads\/2017\/08\/billede1-360x240.jpg 360w\" sizes=\"auto, (max-width: 750px) 100vw, 750px\" \/><\/p>\n","protected":false},"excerpt":{"rendered":"<p>Du kan bestille bogen hjem i diverse boghandlere, du kan k\u00f8be bogen i akademiske boghandlere p\u00e5 universiteter, eller du kan finde bogen p\u00e5 saxo.com eller hos Samfundslitteratur. &nbsp;<\/p>\n","protected":false},"author":4,"featured_media":0,"parent":0,"menu_order":0,"comment_status":"closed","ping_status":"closed","template":"","meta":{"footnotes":""},"class_list":["post-321","page","type-page","status-publish","hentry"],"_links":{"self":[{"href":"https:\/\/oplaesning.samfundslitteratur.dk\/index.php?rest_route=\/wp\/v2\/pages\/321","targetHints":{"allow":["GET"]}}],"collection":[{"href":"https:\/\/oplaesning.samfundslitteratur.dk\/index.php?rest_route=\/wp\/v2\/pages"}],"about":[{"href":"https:\/\/oplaesning.samfundslitteratur.dk\/index.php?rest_route=\/wp\/v2\/types\/page"}],"author":[{"embeddable":true,"href":"https:\/\/oplaesning.samfundslitteratur.dk\/index.php?rest_route=\/wp\/v2\/users\/4"}],"replies":[{"embeddable":true,"href":"https:\/\/oplaesning.samfundslitteratur.dk\/index.php?rest_route=%2Fwp%2Fv2%2Fcomments&post=321"}],"version-history":[{"count":5,"href":"https:\/\/oplaesning.samfundslitteratur.dk\/index.php?rest_route=\/wp\/v2\/pages\/321\/revisions"}],"predecessor-version":[{"id":548,"href":"https:\/\/oplaesning.samfundslitteratur.dk\/index.php?rest_route=\/wp\/v2\/pages\/321\/revisions\/548"}],"wp:attachment":[{"href":"https:\/\/oplaesning.samfundslitteratur.dk\/index.php?rest_route=%2Fwp%2Fv2%2Fmedia&parent=321"}],"curies":[{"name":"wp","href":"https:\/\/api.w.org\/{rel}","templated":true}]}}