{"id":318,"date":"2017-07-14T12:11:23","date_gmt":"2017-07-14T12:11:23","guid":{"rendered":"http:\/\/oplaesning.samfundslitteratur.dk\/?page_id=318"},"modified":"2017-07-14T12:14:15","modified_gmt":"2017-07-14T12:14:15","slug":"bagsidetekst","status":"publish","type":"page","link":"https:\/\/oplaesning.samfundslitteratur.dk\/?page_id=318","title":{"rendered":"Bagsidetekst"},"content":{"rendered":"<p>Her er bagsideteksten til bogen:<\/p>\n<p>&nbsp;<\/p>\n<p class=\"p2\">Hvilke teknikker kan hj\u00e6lpe med at f\u00e5 en tekst til at lette fra papiret eller sk\u00e6rmen? Hvilke analyseredskaber kan f\u00e5 en pr\u00e6cis fortolkning frem i en opl\u00e6sning? Hvordan kan man bruge stemme og krop til at formidle tekstens budskab og n\u00e5 sine tilh\u00f8rere? Hvilke virkemidler kan man arbejde med for at g\u00f8re opl\u00e6sningen pr\u00e6cis og levende i forskellige genrer? Det er nogle af de sp\u00f8rgsm\u00e5l, som FRA \u00d8JE TIL \u00d8RE giver svar p\u00e5.<\/p>\n<p class=\"p2\">Bogen handler om, hvordan man arbejder med og forbedrer opl\u00e6sning, som man bl.a. finder i tv og radio, i podcasts og lydb\u00f8ger, i skoler, p\u00e5 biblioteker, i kirken, til opl\u00e6sningsarrangementer og bogmesser og i lydaviser.<\/p>\n<p class=\"p3\">FRA \u00d8JE TIL \u00d8RE indeholder teoretiske perspektiver, mundtlige virkemidler og analytiske redskaber og masser af erfaringer, teksteksempler og \u00f8velser. Den henvender sig b\u00e5de til dig, der er i gang med en uddannelse som involverer opl\u00e6sning, og til den professionelle som savner hj\u00e6lp til at forberede og udf\u00f8re bedre opl\u00e6sninger.<\/p>\n","protected":false},"excerpt":{"rendered":"<p>Her er bagsideteksten til bogen: &nbsp; Hvilke teknikker kan hj\u00e6lpe med at f\u00e5 en tekst til at lette fra papiret eller sk\u00e6rmen? Hvilke analyseredskaber kan f\u00e5 en pr\u00e6cis fortolkning frem i en opl\u00e6sning? Hvordan kan man bruge stemme og krop til at formidle tekstens budskab og n\u00e5 sine tilh\u00f8rere? Hvilke [&hellip;]<\/p>\n","protected":false},"author":4,"featured_media":0,"parent":0,"menu_order":0,"comment_status":"closed","ping_status":"closed","template":"","meta":{"footnotes":""},"class_list":["post-318","page","type-page","status-publish","hentry"],"_links":{"self":[{"href":"https:\/\/oplaesning.samfundslitteratur.dk\/index.php?rest_route=\/wp\/v2\/pages\/318","targetHints":{"allow":["GET"]}}],"collection":[{"href":"https:\/\/oplaesning.samfundslitteratur.dk\/index.php?rest_route=\/wp\/v2\/pages"}],"about":[{"href":"https:\/\/oplaesning.samfundslitteratur.dk\/index.php?rest_route=\/wp\/v2\/types\/page"}],"author":[{"embeddable":true,"href":"https:\/\/oplaesning.samfundslitteratur.dk\/index.php?rest_route=\/wp\/v2\/users\/4"}],"replies":[{"embeddable":true,"href":"https:\/\/oplaesning.samfundslitteratur.dk\/index.php?rest_route=%2Fwp%2Fv2%2Fcomments&post=318"}],"version-history":[{"count":3,"href":"https:\/\/oplaesning.samfundslitteratur.dk\/index.php?rest_route=\/wp\/v2\/pages\/318\/revisions"}],"predecessor-version":[{"id":327,"href":"https:\/\/oplaesning.samfundslitteratur.dk\/index.php?rest_route=\/wp\/v2\/pages\/318\/revisions\/327"}],"wp:attachment":[{"href":"https:\/\/oplaesning.samfundslitteratur.dk\/index.php?rest_route=%2Fwp%2Fv2%2Fmedia&parent=318"}],"curies":[{"name":"wp","href":"https:\/\/api.w.org\/{rel}","templated":true}]}}