{"id":291,"date":"2017-07-06T08:48:27","date_gmt":"2017-07-06T08:48:27","guid":{"rendered":"http:\/\/oplaesning.samfundslitteratur.dk\/?page_id=291"},"modified":"2017-07-14T11:49:52","modified_gmt":"2017-07-14T11:49:52","slug":"formalia","status":"publish","type":"page","link":"https:\/\/oplaesning.samfundslitteratur.dk\/?page_id=291","title":{"rendered":"Kolofon"},"content":{"rendered":"<p>Her er de mere formelle oplysninger om bogen fra bogens kolofon. Her er der oplysninger om de forskellige redakt\u00f8rer og grafikere og bogens ISBN-nummer:<\/p>\n<p>&nbsp;<\/p>\n<p class=\"p1\">Hanne Smith Pedersen og Louise Fischer-Nielsen<br \/>\n<strong>Fra \u00f8je til \u00f8re<\/strong><br \/>\nRedskaber og virkemidler i opl\u00e6sning<br \/>\n1. udgave 2017<\/p>\n<p class=\"p1\">Copyright: Samfundslitteratur 2017<\/p>\n<p class=\"p1\">Forlagsredakt\u00f8r: Henrik Schjerning<br \/>\nManuskriptredakt\u00f8r: Anna Bonde M\u00f8llerh\u00f8j<br \/>\nOmslag: Danny Lund\/Dannyvirke<br \/>\nSats og figurer: Ane Svendsen, SL grafik (slgrafik.dk)<br \/>\nBogen er sat med Brandon Text og Lexicon No1<br \/>\nTryk: Latgales Druka<\/p>\n<p class=\"p1\">ISBN: 978-87-593-2916-0<\/p>\n<p class=\"p1\">Samfundslitteratur<br \/>\ninfo@samfundslitteratur.dk<br \/>\nsamfundslitteratur.dk<\/p>\n<p class=\"p1\">Alle rettigheder forbeholdes.<br \/>\nKopiering fra denne bog m\u00e5 kun finde sted p\u00e5 institutioner eller i virksomheder, der har indg\u00e5et aftale med Copydan Tekst &amp; Node, og kun inden for de rammer, der er n\u00e6vnt i aftalen. Undtaget herfra er korte uddrag til anmeldelse.<\/p>\n","protected":false},"excerpt":{"rendered":"<p>Her er de mere formelle oplysninger om bogen fra bogens kolofon. Her er der oplysninger om de forskellige redakt\u00f8rer og grafikere og bogens ISBN-nummer: &nbsp; Hanne Smith Pedersen og Louise Fischer-Nielsen Fra \u00f8je til \u00f8re Redskaber og virkemidler i opl\u00e6sning 1. udgave 2017 Copyright: Samfundslitteratur 2017 Forlagsredakt\u00f8r: Henrik Schjerning Manuskriptredakt\u00f8r: [&hellip;]<\/p>\n","protected":false},"author":4,"featured_media":0,"parent":0,"menu_order":0,"comment_status":"closed","ping_status":"closed","template":"","meta":{"footnotes":""},"class_list":["post-291","page","type-page","status-publish","hentry"],"_links":{"self":[{"href":"https:\/\/oplaesning.samfundslitteratur.dk\/index.php?rest_route=\/wp\/v2\/pages\/291","targetHints":{"allow":["GET"]}}],"collection":[{"href":"https:\/\/oplaesning.samfundslitteratur.dk\/index.php?rest_route=\/wp\/v2\/pages"}],"about":[{"href":"https:\/\/oplaesning.samfundslitteratur.dk\/index.php?rest_route=\/wp\/v2\/types\/page"}],"author":[{"embeddable":true,"href":"https:\/\/oplaesning.samfundslitteratur.dk\/index.php?rest_route=\/wp\/v2\/users\/4"}],"replies":[{"embeddable":true,"href":"https:\/\/oplaesning.samfundslitteratur.dk\/index.php?rest_route=%2Fwp%2Fv2%2Fcomments&post=291"}],"version-history":[{"count":4,"href":"https:\/\/oplaesning.samfundslitteratur.dk\/index.php?rest_route=\/wp\/v2\/pages\/291\/revisions"}],"predecessor-version":[{"id":308,"href":"https:\/\/oplaesning.samfundslitteratur.dk\/index.php?rest_route=\/wp\/v2\/pages\/291\/revisions\/308"}],"wp:attachment":[{"href":"https:\/\/oplaesning.samfundslitteratur.dk\/index.php?rest_route=%2Fwp%2Fv2%2Fmedia&parent=291"}],"curies":[{"name":"wp","href":"https:\/\/api.w.org\/{rel}","templated":true}]}}