{"id":289,"date":"2017-07-06T08:48:15","date_gmt":"2017-07-06T08:48:15","guid":{"rendered":"http:\/\/oplaesning.samfundslitteratur.dk\/?page_id=289"},"modified":"2017-07-14T12:48:29","modified_gmt":"2017-07-14T12:48:29","slug":"indholdsfortegnelse","status":"publish","type":"page","link":"https:\/\/oplaesning.samfundslitteratur.dk\/?page_id=289","title":{"rendered":"Indholdsfortegnelse"},"content":{"rendered":"<p>Herunder kan du se bogens indholdsfortegnelse. Det kan give et overblik over, hvilke emner og temaer bogen ber\u00f8rer. Som du kan se, er bogen inddelt i 5 overordnede dele:<\/p>\n<p>&nbsp;<\/p>\n<p class=\"p1\">Forord 11<br \/>\nHvorfor denne bog? 11<br \/>\nTak! 13<br \/>\nBogens opbygning 14<\/p>\n<p>&nbsp;<\/p>\n<p class=\"p3\"><strong>DEL 1: INTRODUKTION TIL OPL\u00c6SNING<\/strong><\/p>\n<p class=\"p3\"><em>1. Hvad er opl\u00e6sning? 21<\/em><br \/>\nIntroduktion til opl\u00e6sning 21<br \/>\nSprog, stemme og musik som forst\u00e5elsesramme 23<br \/>\nSpektret fra h\u00f8jtl\u00e6sning til performance 25<br \/>\nOpl\u00e6sning i et historisk perspektiv 30<\/p>\n<p class=\"p1\"><em>2. Fra \u00f8je til \u00f8re 33<\/em><br \/>\nTale og skrift 33<br \/>\nOpl\u00e6sning gennem \u00f8ret 34<br \/>\nMed en fod i begge lejre 35<br \/>\nFortolkning i opl\u00e6sning 36<br \/>\nOpl\u00e6sning handler om oplevelse af teksten 39<\/p>\n<p class=\"p1\"><em>3. Hvilke situationer l\u00e6ser man op i? 43<\/em><br \/>\nKend situationen inden opl\u00e6sningen 44<br \/>\nCase: Et eksempel p\u00e5 en situationsanalyse 50<\/p>\n<p class=\"p1\"><em>4. N\u00e6rl\u00e6sning: At analysere en tekst, s\u00e5 man forst\u00e5r den 55<\/em><br \/>\nDen grammatiske og syntaktiske n\u00e6rl\u00e6sning 56<\/p>\n<p>&nbsp;<\/p>\n<p class=\"p3\"><strong>DEL 2: STEMMEN OG KROPPEN<\/strong><\/p>\n<p class=\"p1\">Stemme og krop i opl\u00e6sning 65<br \/>\nSpejlneuroner 66<\/p>\n<p class=\"p1\"><em>5. Stemmen 69<\/em><br \/>\nStemmeteknikkens fire omr\u00e5der 70<br \/>\nProjicering af stemmen 79<\/p>\n<p class=\"p1\"><em>6. Kroppen 83<\/em><br \/>\nOverensstemmelse mellem krop, stemme og opl\u00e6sning 83<br \/>\nGrounding 84<br \/>\nKropslig parathed 85<br \/>\nEngageret mimik 86<br \/>\n\u00d8jenkontakt som formidlingsmark\u00f8r 87<br \/>\nUdfordringen med den l\u00e5ste gestik 88<br \/>\nNerv\u00f8sitet 89<\/p>\n<p class=\"p1\"><em>7. Tre opvarmningsprogrammer 95<\/em><br \/>\n\u00d8velsess.t 1: Lang opvarmning 95<br \/>\n\u00d8velsess.t 2: Kortere opvarmning 98<br \/>\n\u00d8velsess.t 3: Opvarmning i bilen 99<\/p>\n<p>&nbsp;<\/p>\n<p class=\"p3\"><strong>DEL 3: DEN MUNDTLIGE MIKSERPULT<\/strong><\/p>\n<p class=\"p1\">Introduktion til den mundtlige mikserpult 105<br \/>\nMundtlighedskriterierne 106<br \/>\nEt frit, men begrundet valg 107<\/p>\n<p class=\"p1\"><em>8. Frasering 109<\/em><br \/>\nPauser 110<br \/>\nTryk 116<br \/>\nSt\u00f8d 121<br \/>\nIntonation: S\u00e6tningsmelodien i sproget 123<br \/>\nFrasering opsummeret 128<\/p>\n<p class=\"p1\"><em>9. Tempo og rytme 133<\/em><br \/>\nTempo 133<br \/>\nRytme 139<\/p>\n<p class=\"p1\"><em>10. Artikulation 143<\/em><br \/>\nArtikulation er det vigtigste for forst\u00e5elsen 144<br \/>\nTydelig tale, ikke skriftn\u00e6r udtale 144<br \/>\nSkru op, eller skru ned 145<br \/>\nHold \u00f8je med de hyppigste ord 146<br \/>\nG\u00f8r den gode artikulation til en vane 147<br \/>\nHvordan arbejder man med artikulation? 148<br \/>\nFonetik: Lydene i det danske sprog 148<br \/>\nMundens muskler og k\u00e6ben 153<br \/>\nTekster, der tr\u00e6ner artikulationen 156<br \/>\nEkspressiv artikulation 157<\/p>\n<p class=\"p1\"><em>11. Klang 163<\/em><br \/>\nAndre klangforbedringer 165<br \/>\nKlangarbejde kr\u00e6ver tid 166<br \/>\nKlang og personkarakteristik 166<\/p>\n<p class=\"p1\"><em>12. Volumen 169<\/em><\/p>\n<p>&nbsp;<\/p>\n<p class=\"p3\"><strong>DEL 4: UDFORDRINGER I FORSKELLIGE OPL\u00c6SNINGSGENRER<\/strong><\/p>\n<p class=\"p1\">Fire udfordrende omr\u00e5der 175<\/p>\n<p class=\"p1\"><em>13. Opl\u00e6sning af egne manuskripter og tekster 177<\/em><br \/>\nOpl\u00e6sning som skriveredskab 178<br \/>\n<span style=\"font-size: 1rem;\">Forfatteropl\u00e6sning 180<br \/>\n<\/span>Pr\u00e6dikenopl\u00e6sning 181<br \/>\nNyhedsopl\u00e6sning 184<br \/>\nFeaturespeaks, reportagespeaks og podcasts 190<br \/>\nSpeaks til reklamer, programmer, trailere m.m. 195<\/p>\n<p class=\"p1\"><em>14. Digte 201<\/em><br \/>\nTransparens og opacitet 201<br \/>\nEnjambement 202<br \/>\nMetriske digte 203<br \/>\nFrie digte 212<br \/>\nVisuelle digte 216<br \/>\nSpoken word og poetry slam 217<\/p>\n<p class=\"p1\"><em>15. Opl\u00e6sning i gudstjenesten 225<\/em><br \/>\nTeologiske, situationelle overvejelser om opl\u00e6sning 225<br \/>\nGudstjenestens liturgi 228<br \/>\nBibelteksterne 229<br \/>\nB\u00f8nnerne fra alteret (kollekterne) 237<br \/>\nHyppigt l\u00e6ste tekster 238<\/p>\n<p class=\"p1\"><em>16. \u00c6ldre tekster 245<\/em><br \/>\nSeks arbejdssp\u00f8rgsm\u00e5l til at \u00e5bne teksten<\/p>\n<p>&nbsp;<\/p>\n<p class=\"p3\"><strong>DEL 5: PRAKTISKE TIPS OG TRICKS<\/strong><\/p>\n<p class=\"p1\">Fra forberedelse til scene 253<br \/>\nTr\u00e6n en knap ad gangen 253<br \/>\nBrug et kamera eller en diktafon 253<br \/>\nF\u00e5 andre til at lytte og give feedback 254<br \/>\nSkriv i teksten 254<br \/>\nRet i teksten, hvis den ikke egner sig til opl\u00e6sning 255<br \/>\nIndret din scene 255<br \/>\nImitatio \u2013 l\u00e6r af de bedste og de v\u00e6rste 260<\/p>\n<p class=\"p1\">Litteratur 263<\/p>\n<p class=\"p1\">Kilder 267<\/p>\n<p class=\"p1\">Indeks 269<\/p>\n","protected":false},"excerpt":{"rendered":"<p>Herunder kan du se bogens indholdsfortegnelse. Det kan give et overblik over, hvilke emner og temaer bogen ber\u00f8rer. Som du kan se, er bogen inddelt i 5 overordnede dele: &nbsp; Forord 11 Hvorfor denne bog? 11 Tak! 13 Bogens opbygning 14 &nbsp; DEL 1: INTRODUKTION TIL OPL\u00c6SNING 1. Hvad er [&hellip;]<\/p>\n","protected":false},"author":4,"featured_media":0,"parent":0,"menu_order":0,"comment_status":"closed","ping_status":"closed","template":"","meta":{"footnotes":""},"class_list":["post-289","page","type-page","status-publish","hentry"],"_links":{"self":[{"href":"https:\/\/oplaesning.samfundslitteratur.dk\/index.php?rest_route=\/wp\/v2\/pages\/289","targetHints":{"allow":["GET"]}}],"collection":[{"href":"https:\/\/oplaesning.samfundslitteratur.dk\/index.php?rest_route=\/wp\/v2\/pages"}],"about":[{"href":"https:\/\/oplaesning.samfundslitteratur.dk\/index.php?rest_route=\/wp\/v2\/types\/page"}],"author":[{"embeddable":true,"href":"https:\/\/oplaesning.samfundslitteratur.dk\/index.php?rest_route=\/wp\/v2\/users\/4"}],"replies":[{"embeddable":true,"href":"https:\/\/oplaesning.samfundslitteratur.dk\/index.php?rest_route=%2Fwp%2Fv2%2Fcomments&post=289"}],"version-history":[{"count":5,"href":"https:\/\/oplaesning.samfundslitteratur.dk\/index.php?rest_route=\/wp\/v2\/pages\/289\/revisions"}],"predecessor-version":[{"id":350,"href":"https:\/\/oplaesning.samfundslitteratur.dk\/index.php?rest_route=\/wp\/v2\/pages\/289\/revisions\/350"}],"wp:attachment":[{"href":"https:\/\/oplaesning.samfundslitteratur.dk\/index.php?rest_route=%2Fwp%2Fv2%2Fmedia&parent=289"}],"curies":[{"name":"wp","href":"https:\/\/api.w.org\/{rel}","templated":true}]}}